{"id":237,"date":"2011-03-10T21:00:24","date_gmt":"2011-03-11T03:00:24","guid":{"rendered":"http:\/\/www.dianamartin.net\/es\/?page_id=237"},"modified":"2025-07-27T18:42:43","modified_gmt":"2025-07-28T00:42:43","slug":"sobre-mi","status":"publish","type":"page","link":"https:\/\/dianamartin.net\/es\/sobre-mi\/","title":{"rendered":"Sobre m\u00ed"},"content":{"rendered":"\n<p>Diana Martin es una artista visual mexicana que no ha parado de dibujar de manera profesional desde 2001, cuando tuvo su primera exposici\u00f3n individual. Rellenaba cuadernos enteros de hojas blancas con dibujos desde muy peque\u00f1a y no hay una \u00e9poca de su vida en la que no se recuerde dibujando. Lo suyo ha sido siempre contar historias con im\u00e1genes, crear personajes fascinantes que nacen directamente de sus experiencias con el mundo. <\/p>\n\n\n\n<p>Sus historias transcurren en un mismo lugar: El Lado Equivocado de la Ciudad, sus instrumentos favoritos para hilvanarlas, el grafito y la tinta. Su primer personaje fue Siax Lanke, un ermita\u00f1o que vive encerrado en su casa aterrado ante los timbridos de su tel\u00e9fono, le sigui\u00f3 Klodia Columbario, una mujer tuerta que ayudada de su escalpelo, sabe d\u00f3nde cortar para vaciar las emociones de los corazones de la gente. Luego, Errut Trastabire tom\u00f3 forma para encontrar su lugar ante el oce\u00e1no, dejando atr\u00e1s su oficio de pulidora de zapatos y fue en su nuevo hogar en la costa que recibe a Nadir, un chico que buscaba desesperadamente zafarse del rol que le ten\u00edan designado sus padres. Despu\u00e9s, Diana concibi\u00f3 a Lavinia Borromeo, una cantante de vodevil que termina descubriendo que su asidua audiencia han sido siempre fantasmas, Klodia y Lavina terminan haci\u00e9ndose amigas entra\u00f1ables, escuch\u00e1ndose atentamente una a la otra mientras en los profundos callejones de la ciudad h\u00fameda Selma L\u00fanula borda paraguas rotos para d\u00e1rselos a los sinparaguas y apaciguar a los peces h\u00famedos que saltan sin parar en su rec\u00e1mara, sin llegar nunca a morir. <\/p>\n\n\n\n<p>Hilvan\u00f3 tambi\u00e9n la historia de Los Perseguidores, una pareja que tiene un buen encuentro pero que al tomar juntos el mar en un barco formado por una astilla de madera, con un p\u00e9talo de rosa como vela, naufragar\u00e1n y tendr\u00e1n que ganar a nado la costa, separados para no volver a estar juntos jam\u00e1s. De su mano tambi\u00e9n nacieron Anja y Saskia, la primera ans\u00eda tener un perro y lo logra al hacerse de un perro paraguas que ser\u00e1 su escudo contra los elementos, la segunda se libra de la amenaza de unas t\u00edas de ojos naranja que invaden su casa, y acto seguido se aventura en el subterr\u00e1neo donde le faltar\u00e1 al respeto sin querer a los seres de las profundidades. Mab y Cordelia, hermanas con singulares problemas de locomoci\u00f3n, tomaron forma al enamorarse Diana de la t\u00e9cnica de la tinta con canutero, vino luego Lux, una mujer obsesionada con llevar el don de la vista a los ciegos del mundo. El color ha incursionado poco en la obra de Diana, pero lo hizo con fuerza en la historia de Mirna, una tejedora muda que desea cubrir El Lado Equivocado de la ciudad con un manto multicolor. El tema del hambre ha sido explorado tambi\u00e9n con la narraci\u00f3n visual de los Gourmets, una pareja que no importa lo mucho que coma, no puede alcanzar la saciedad. <\/p>\n\n\n\n<p>Diana se ha enfocado en la producci\u00f3n de obra personal y todas estas historias han sido expuestas en diversas sedes alrededor del mundo, su libro \u201cSerafina y el Ardid Insondable\u201d fue seleccionado para representar a M\u00e9xico en la Feria del C\u00f3mic y la Novela Gr\u00e1fica en Angulema, Francia en 2018. Diana acerca a su p\u00fablico a la obra de manera \u00fanica e inmersiva con el formato de \u00abCata de Obra\u00bb en estos eventos ella provee de lupas y guantes a los asistentes quienes aprecian los dibujos sin marco ni vidrio mientras ella cuenta la historia y responde preguntas. <\/p>\n\n\n\n<p>En Febrero de 2020 llev\u00f3 a uno de sus m\u00e1s recientes personajes, Lord Diadema, a Tokyo, donde tuvo una muestra pop up en la Galer\u00eda Design Festa Gallery en el din\u00e1mico barrio de Harajuku. Actualmente trabaja en sus pr\u00f3ximos dos libros y su siguiente muestra pl\u00e1stica.<\/p>\n\n\n\n<h2 class=\"wp-block-heading\">Exposiciones individuales principales<\/h2>\n\n\n\n<ul id=\"block-92469728-7d20-40dd-b5a7-5b8dd3173794\" class=\"wp-block-list\">\n<li><strong><em>Pata de Unicornio. <\/em><\/strong>Cata de Obra en La Perla Records. (Septiembre 2024)<\/li>\n\n\n\n<li><strong><em>Entrel\u00edneas, so\u00f1amos en blanco y negro. <\/em><\/strong>Galer\u00eda Javier Ar\u00e9valo de La Casa del Autor Zapopan. (Septiembre &#8211; Noviembre 2021)<\/li>\n\n\n\n<li><em><strong>Lord Diadema en Jap\u00f3n<\/strong>,<\/em> Design Festa Gallery, Tokyo, Jap\u00f3n (Feb 2020)<\/li>\n\n\n\n<li><strong><em><em>Cata de Obra<\/em><\/em> #3<\/strong>, Casa Teodora, Guadalajara, M\u00e9xico (Nov 2019)<\/li>\n\n\n\n<li><em><strong>Serafina y Lord Diadema<\/strong><\/em>, Universidad Panamericana, Guadalajara, M\u00e9xico (Nov 2018-Ene 2019)<\/li>\n\n\n\n<li><strong><em><em>Cata de Obra<\/em><\/em> #2<\/strong>, Pal\u00edndromo, Guadalajara, M\u00e9xico (Oct 2017)<\/li>\n\n\n\n<li><strong><em>Cata de Obra<\/em> #1<\/strong>, Pal\u00edndromo, Guadalajara, M\u00e9xico (Sep 2016)<\/li>\n\n\n\n<li><em><strong>Las Historias<\/strong><\/em>, Galer\u00eda Dr. Atl del Colegio de Jalisco, Zapopan, M\u00e9xico (Sep 2015 &#8211; Oct 2015)<\/li>\n\n\n\n<li><em><strong>Extra\u00f1os Conocidos<\/strong><\/em>, Galer\u00eda Ra\u00fal Anguiano del Consulado General de M\u00e9xico en Los \u00c1ngeles, U.S.A. (Oct 2012 &#8211; Ene 2013)<\/li>\n\n\n\n<li><em><strong>Retratos de Gourmets<\/strong><\/em>, Alianza Francesa de Guadalajara. (Abr 2010 &#8211; May 2010)<\/li>\n\n\n\n<li><em><strong>Saskia en el Subterr\u00e1neo<\/strong><\/em>, Galer\u00eda de Arte de la Estaci\u00f3n Ju\u00e1rez del Tren Ligero de Guadalajara, M\u00e9xico (Nov 2009 &#8211; Ene 2010)<\/li>\n\n\n\n<li><em><strong>Mirna de Ciglia y su secreto vestido interminable<\/strong><\/em>, Galer\u00eda de Arte Ruiz Rojo, Guadalajara, M\u00e9xico (Jul 2007 &#8211; Ago 2007)<\/li>\n\n\n\n<li><em><strong>Anja y su paraguas de cuatro patas<\/strong><\/em>, Maziart Internationale Galerie, Hamburgo, Alemania (Sep 2007- Oct 2007)<\/li>\n\n\n\n<li><em><strong>Un ave canta en el cuarto piso<\/strong><\/em>, Casa de la palabra y las im\u00e1genes, U. de G. (Jun 2006- Jul 2006)<\/li>\n\n\n\n<li><em><strong>Lavinia Borromeo<\/strong><\/em>, Casa de Ensue\u00f1os Art Gallery, Guadalajara, M\u00e9xico (Oct 2006 &#8211; Dic 2006)<\/li>\n\n\n\n<li><em><strong>Los perseguidores<\/strong><\/em>, Foro de Arte y Cultura, Guadalajara, M\u00e9xico (Feb 2005 &#8211; Mar 2005)<\/li>\n<\/ul>\n\n\n\n<h2 class=\"wp-block-heading\">Exposiciones colectivas principales<\/h2>\n\n\n\n<ul class=\"wp-block-list\">\n<li><strong><em>Ra\u00edces Creativas: escena art\u00edstica de Jalisco<\/em><\/strong>, Museo de las Artes de la Universidad de Guadalajara, MUSA, Guadalajara, M\u00e9xico (Jun 2025)<\/li>\n\n\n\n<li><strong><em>El Universo de lo Femenino , Colecci\u00f3n Claudio Jim\u00e9nez Vizcarra<\/em><\/strong>, Museo de las Artes de la Universidad de Guadalajara, MUSA, Guadalajara, M\u00e9xico (Jul 2022)<\/li>\n\n\n\n<li><strong><em>Divinidades de Bolsillo, Conjuros Imperfectos<\/em><\/strong>, Galer\u00eda Ru\u00edz Rojo, Guadalajara, M\u00e9xico (2008)<\/li>\n\n\n\n<li><strong><em>Sal\u00f3n de Octubre<\/em><\/strong>, Ex-Convento del Carmen, Guadalajara, M\u00e9xico (2007)<\/li>\n\n\n\n<li><strong><em>Subasta de Arte Latinoamericano<\/em><\/strong>, MACLA, San \u00a0Jos\u00e9, U.S.A. (2006)<\/li>\n\n\n\n<li><strong><em>Muestra de Arte Correo<\/em><\/strong>, Casa Wilfredo Lamm, La Habana, Cuba (2005)<\/li>\n\n\n\n<li><strong><em>Muestra de Arte Correo<\/em><\/strong>, Galer\u00eda Seni, Facultad de Arte y Dise\u00f1o, Universidad\u00a0Tecnol\u00f3gica Mara, Kuala Lumpur, Malasia (2005)<\/li>\n<\/ul>\n\n\n\n<h2 class=\"wp-block-heading\">Colaboraciones principales<\/h2>\n\n\n\n<ul class=\"wp-block-list\">\n<li>Ilustraciones para el especial <em>En Reconstrucci\u00f3n<\/em> sobre Equidad de G\u00e9nero en la revista <em>Tierra Adentro<\/em> de CONACULTA (Abr 2014)<\/li>\n\n\n\n<li>Ilustraciones para el art\u00edculo <em>Met\u00e1foras y Ciencias<\/em> de la revista ISEL, Instituto de Estudios de Lomas de Zamora, Argentina (Dic 2013)<\/li>\n\n\n\n<li>Ilustraciones del libro <em>Juan Peregrino no Salva al Mundo<\/em> en coautor\u00eda con Rafa\u00e9l Villegas, ed. Para\u00edso Perdido (Oct 2012)<\/li>\n\n\n\n<li>Portada de la revista KY edici\u00f3n #20 de Guadalajara, M\u00e9xico (Jul 2010)<\/li>\n<\/ul>\n\n\n\n<h2 class=\"wp-block-heading\">Estudios generales y art\u00edsticos<\/h2>\n\n\n\n<ul class=\"wp-block-list\">\n<li>Preparatoria t\u00e9cnica en dise\u00f1o gr\u00e1fico, Centro de Estudios T\u00e9cnicos de la Universidad Aut\u00f3noma de Guadalajara (1994-1997)<\/li>\n\n\n\n<li>Diplomado en Artes Pl\u00e1sticas, Centro Cultural Casa Colomos (1999-2001)<\/li>\n\n\n\n<li>Taller de Acuarela con el maestro Emilio Galindo, Casa de la Acuarela (1999-2000)<\/li>\n\n\n\n<li>Taller de Acuarela con el maestro Luis Eduardo Gonz\u00e1lez, Clases particulares (2001)<\/li>\n\n\n\n<li>Taller de Tinta china con el maestro Francisco del Muro. Clases particulares (2002)<\/li>\n\n\n\n<li>Taller de Grabado con el maestro Herculano \u00c1lvarez, Taller P.T. (2005-2007)<\/li>\n\n\n\n<li>Curso del idioma japon\u00e9s y caligraf\u00eda con Fumiko Ogura, Universidad Aut\u00f3noma de Guadalajara y Universidad de estudios extranjeras de Kyoto (2000-2003)<\/li>\n\n\n\n<li>Curso de Historia del Arte con la maestra Sunny Montoya, Clases particulares (2004)<\/li>\n\n\n\n<li>Taller de esmaltegraf\u00eda con la maestra Maricarmen Guti\u00e9rrez, Centro cultural Casa Blanca (2004)<\/li>\n\n\n\n<li>Tutor\u00edas individuales en composici\u00f3n, iconograf\u00eda y filosof\u00eda del arte con la maestra Toni Guerra, Galer\u00eda Ex\u00e1gono (2009-2011)<\/li>\n\n\n\n<li>Taller de grabado con el maestro Jos\u00e9 Guti\u00e9rrez, Taller privado (2010-2011)<\/li>\n<\/ul>\n","protected":false},"excerpt":{"rendered":"<p>Diana Martin es una artista visual mexicana que no ha parado de dibujar de manera profesional desde 2001, cuando tuvo su primera exposici\u00f3n individual. Rellenaba cuadernos enteros de hojas blancas con dibujos desde muy peque\u00f1a y no hay una \u00e9poca de su vida en la que no se recuerde dibujando. Lo suyo ha sido siempre [&hellip;]<\/p>\n","protected":false},"author":3,"featured_media":107039,"parent":0,"menu_order":0,"comment_status":"closed","ping_status":"closed","template":"","meta":{"inline_featured_image":false,"footnotes":""},"class_list":["post-237","page","type-page","status-publish","has-post-thumbnail","hentry"],"yoast_head":"<!-- This site is optimized with the Yoast SEO plugin v27.4 - https:\/\/yoast.com\/product\/yoast-seo-wordpress\/ -->\n<title>Sobre m\u00ed - Diana Mart\u00edn<\/title>\n<meta name=\"robots\" content=\"index, follow, max-snippet:-1, max-image-preview:large, max-video-preview:-1\" \/>\n<link rel=\"canonical\" href=\"https:\/\/dianamartin.net\/es\/sobre-mi\/\" \/>\n<meta property=\"og:locale\" content=\"es_ES\" \/>\n<meta property=\"og:type\" content=\"article\" \/>\n<meta property=\"og:title\" content=\"Sobre m\u00ed - Diana Mart\u00edn\" \/>\n<meta property=\"og:description\" content=\"Diana Martin es una artista visual mexicana que no ha parado de dibujar de manera profesional desde 2001, cuando tuvo su primera exposici\u00f3n individual. Rellenaba cuadernos enteros de hojas blancas con dibujos desde muy peque\u00f1a y no hay una \u00e9poca de su vida en la que no se recuerde dibujando. Lo suyo ha sido siempre [&hellip;]\" \/>\n<meta property=\"og:url\" content=\"https:\/\/dianamartin.net\/es\/sobre-mi\/\" \/>\n<meta property=\"og:site_name\" content=\"Diana Mart\u00edn\" \/>\n<meta property=\"article:modified_time\" content=\"2025-07-28T00:42:43+00:00\" \/>\n<meta property=\"og:image\" content=\"https:\/\/dianamartin.net\/es\/wp-content\/uploads\/sites\/3\/2020\/09\/diana-martin-social.jpg\" \/>\n\t<meta property=\"og:image:width\" content=\"1200\" \/>\n\t<meta property=\"og:image:height\" content=\"630\" \/>\n\t<meta property=\"og:image:type\" content=\"image\/jpeg\" \/>\n<meta name=\"twitter:card\" content=\"summary_large_image\" \/>\n<meta name=\"twitter:label1\" content=\"Tiempo de lectura\" \/>\n\t<meta name=\"twitter:data1\" content=\"6 minutos\" \/>\n<script type=\"application\/ld+json\" class=\"yoast-schema-graph\">{\"@context\":\"https:\\\/\\\/schema.org\",\"@graph\":[{\"@type\":\"WebPage\",\"@id\":\"https:\\\/\\\/dianamartin.net\\\/es\\\/sobre-mi\\\/\",\"url\":\"https:\\\/\\\/dianamartin.net\\\/es\\\/sobre-mi\\\/\",\"name\":\"Sobre m\u00ed - Diana Mart\u00edn\",\"isPartOf\":{\"@id\":\"https:\\\/\\\/dianamartin.net\\\/es\\\/#website\"},\"primaryImageOfPage\":{\"@id\":\"https:\\\/\\\/dianamartin.net\\\/es\\\/sobre-mi\\\/#primaryimage\"},\"image\":{\"@id\":\"https:\\\/\\\/dianamartin.net\\\/es\\\/sobre-mi\\\/#primaryimage\"},\"thumbnailUrl\":\"https:\\\/\\\/dianamartin.net\\\/es\\\/wp-content\\\/uploads\\\/sites\\\/3\\\/2020\\\/09\\\/diana-martin.jpg\",\"datePublished\":\"2011-03-11T03:00:24+00:00\",\"dateModified\":\"2025-07-28T00:42:43+00:00\",\"breadcrumb\":{\"@id\":\"https:\\\/\\\/dianamartin.net\\\/es\\\/sobre-mi\\\/#breadcrumb\"},\"inLanguage\":\"es\",\"potentialAction\":[{\"@type\":\"ReadAction\",\"target\":[\"https:\\\/\\\/dianamartin.net\\\/es\\\/sobre-mi\\\/\"]}]},{\"@type\":\"ImageObject\",\"inLanguage\":\"es\",\"@id\":\"https:\\\/\\\/dianamartin.net\\\/es\\\/sobre-mi\\\/#primaryimage\",\"url\":\"https:\\\/\\\/dianamartin.net\\\/es\\\/wp-content\\\/uploads\\\/sites\\\/3\\\/2020\\\/09\\\/diana-martin.jpg\",\"contentUrl\":\"https:\\\/\\\/dianamartin.net\\\/es\\\/wp-content\\\/uploads\\\/sites\\\/3\\\/2020\\\/09\\\/diana-martin.jpg\",\"width\":960,\"height\":960},{\"@type\":\"BreadcrumbList\",\"@id\":\"https:\\\/\\\/dianamartin.net\\\/es\\\/sobre-mi\\\/#breadcrumb\",\"itemListElement\":[{\"@type\":\"ListItem\",\"position\":1,\"name\":\"Home\",\"item\":\"https:\\\/\\\/dianamartin.net\\\/es\\\/\"},{\"@type\":\"ListItem\",\"position\":2,\"name\":\"Sobre m\u00ed\"}]},{\"@type\":\"WebSite\",\"@id\":\"https:\\\/\\\/dianamartin.net\\\/es\\\/#website\",\"url\":\"https:\\\/\\\/dianamartin.net\\\/es\\\/\",\"name\":\"Diana Mart\u00edn\",\"description\":\"\",\"publisher\":{\"@id\":\"https:\\\/\\\/dianamartin.net\\\/es\\\/#organization\"},\"potentialAction\":[{\"@type\":\"SearchAction\",\"target\":{\"@type\":\"EntryPoint\",\"urlTemplate\":\"https:\\\/\\\/dianamartin.net\\\/es\\\/?s={search_term_string}\"},\"query-input\":{\"@type\":\"PropertyValueSpecification\",\"valueRequired\":true,\"valueName\":\"search_term_string\"}}],\"inLanguage\":\"es\"},{\"@type\":\"Organization\",\"@id\":\"https:\\\/\\\/dianamartin.net\\\/es\\\/#organization\",\"name\":\"Diana Mart\u00edn\",\"url\":\"https:\\\/\\\/dianamartin.net\\\/es\\\/\",\"logo\":{\"@type\":\"ImageObject\",\"inLanguage\":\"es\",\"@id\":\"https:\\\/\\\/dianamartin.net\\\/es\\\/#\\\/schema\\\/logo\\\/image\\\/\",\"url\":\"https:\\\/\\\/dianamartin.net\\\/es\\\/wp-content\\\/uploads\\\/sites\\\/3\\\/2020\\\/11\\\/Logo-Diana-Martin.svg\",\"contentUrl\":\"https:\\\/\\\/dianamartin.net\\\/es\\\/wp-content\\\/uploads\\\/sites\\\/3\\\/2020\\\/11\\\/Logo-Diana-Martin.svg\",\"caption\":\"Diana Mart\u00edn\"},\"image\":{\"@id\":\"https:\\\/\\\/dianamartin.net\\\/es\\\/#\\\/schema\\\/logo\\\/image\\\/\"}}]}<\/script>\n<!-- \/ Yoast SEO plugin. -->","yoast_head_json":{"title":"Sobre m\u00ed - Diana Mart\u00edn","robots":{"index":"index","follow":"follow","max-snippet":"max-snippet:-1","max-image-preview":"max-image-preview:large","max-video-preview":"max-video-preview:-1"},"canonical":"https:\/\/dianamartin.net\/es\/sobre-mi\/","og_locale":"es_ES","og_type":"article","og_title":"Sobre m\u00ed - Diana Mart\u00edn","og_description":"Diana Martin es una artista visual mexicana que no ha parado de dibujar de manera profesional desde 2001, cuando tuvo su primera exposici\u00f3n individual. Rellenaba cuadernos enteros de hojas blancas con dibujos desde muy peque\u00f1a y no hay una \u00e9poca de su vida en la que no se recuerde dibujando. Lo suyo ha sido siempre [&hellip;]","og_url":"https:\/\/dianamartin.net\/es\/sobre-mi\/","og_site_name":"Diana Mart\u00edn","article_modified_time":"2025-07-28T00:42:43+00:00","og_image":[{"width":1200,"height":630,"url":"https:\/\/dianamartin.net\/es\/wp-content\/uploads\/sites\/3\/2020\/09\/diana-martin-social.jpg","type":"image\/jpeg"}],"twitter_card":"summary_large_image","twitter_misc":{"Tiempo de lectura":"6 minutos"},"schema":{"@context":"https:\/\/schema.org","@graph":[{"@type":"WebPage","@id":"https:\/\/dianamartin.net\/es\/sobre-mi\/","url":"https:\/\/dianamartin.net\/es\/sobre-mi\/","name":"Sobre m\u00ed - Diana Mart\u00edn","isPartOf":{"@id":"https:\/\/dianamartin.net\/es\/#website"},"primaryImageOfPage":{"@id":"https:\/\/dianamartin.net\/es\/sobre-mi\/#primaryimage"},"image":{"@id":"https:\/\/dianamartin.net\/es\/sobre-mi\/#primaryimage"},"thumbnailUrl":"https:\/\/dianamartin.net\/es\/wp-content\/uploads\/sites\/3\/2020\/09\/diana-martin.jpg","datePublished":"2011-03-11T03:00:24+00:00","dateModified":"2025-07-28T00:42:43+00:00","breadcrumb":{"@id":"https:\/\/dianamartin.net\/es\/sobre-mi\/#breadcrumb"},"inLanguage":"es","potentialAction":[{"@type":"ReadAction","target":["https:\/\/dianamartin.net\/es\/sobre-mi\/"]}]},{"@type":"ImageObject","inLanguage":"es","@id":"https:\/\/dianamartin.net\/es\/sobre-mi\/#primaryimage","url":"https:\/\/dianamartin.net\/es\/wp-content\/uploads\/sites\/3\/2020\/09\/diana-martin.jpg","contentUrl":"https:\/\/dianamartin.net\/es\/wp-content\/uploads\/sites\/3\/2020\/09\/diana-martin.jpg","width":960,"height":960},{"@type":"BreadcrumbList","@id":"https:\/\/dianamartin.net\/es\/sobre-mi\/#breadcrumb","itemListElement":[{"@type":"ListItem","position":1,"name":"Home","item":"https:\/\/dianamartin.net\/es\/"},{"@type":"ListItem","position":2,"name":"Sobre m\u00ed"}]},{"@type":"WebSite","@id":"https:\/\/dianamartin.net\/es\/#website","url":"https:\/\/dianamartin.net\/es\/","name":"Diana Mart\u00edn","description":"","publisher":{"@id":"https:\/\/dianamartin.net\/es\/#organization"},"potentialAction":[{"@type":"SearchAction","target":{"@type":"EntryPoint","urlTemplate":"https:\/\/dianamartin.net\/es\/?s={search_term_string}"},"query-input":{"@type":"PropertyValueSpecification","valueRequired":true,"valueName":"search_term_string"}}],"inLanguage":"es"},{"@type":"Organization","@id":"https:\/\/dianamartin.net\/es\/#organization","name":"Diana Mart\u00edn","url":"https:\/\/dianamartin.net\/es\/","logo":{"@type":"ImageObject","inLanguage":"es","@id":"https:\/\/dianamartin.net\/es\/#\/schema\/logo\/image\/","url":"https:\/\/dianamartin.net\/es\/wp-content\/uploads\/sites\/3\/2020\/11\/Logo-Diana-Martin.svg","contentUrl":"https:\/\/dianamartin.net\/es\/wp-content\/uploads\/sites\/3\/2020\/11\/Logo-Diana-Martin.svg","caption":"Diana Mart\u00edn"},"image":{"@id":"https:\/\/dianamartin.net\/es\/#\/schema\/logo\/image\/"}}]}},"_links":{"self":[{"href":"https:\/\/dianamartin.net\/es\/wp-json\/wp\/v2\/pages\/237","targetHints":{"allow":["GET"]}}],"collection":[{"href":"https:\/\/dianamartin.net\/es\/wp-json\/wp\/v2\/pages"}],"about":[{"href":"https:\/\/dianamartin.net\/es\/wp-json\/wp\/v2\/types\/page"}],"author":[{"embeddable":true,"href":"https:\/\/dianamartin.net\/es\/wp-json\/wp\/v2\/users\/3"}],"replies":[{"embeddable":true,"href":"https:\/\/dianamartin.net\/es\/wp-json\/wp\/v2\/comments?post=237"}],"version-history":[{"count":24,"href":"https:\/\/dianamartin.net\/es\/wp-json\/wp\/v2\/pages\/237\/revisions"}],"predecessor-version":[{"id":107266,"href":"https:\/\/dianamartin.net\/es\/wp-json\/wp\/v2\/pages\/237\/revisions\/107266"}],"wp:featuredmedia":[{"embeddable":true,"href":"https:\/\/dianamartin.net\/es\/wp-json\/wp\/v2\/media\/107039"}],"wp:attachment":[{"href":"https:\/\/dianamartin.net\/es\/wp-json\/wp\/v2\/media?parent=237"}],"curies":[{"name":"wp","href":"https:\/\/api.w.org\/{rel}","templated":true}]}}