{"id":3205,"date":"2013-07-17T19:27:30","date_gmt":"2013-07-18T00:27:30","guid":{"rendered":"http:\/\/www.dianamartin.net\/es\/?page_id=3205"},"modified":"2025-11-24T21:08:33","modified_gmt":"2025-11-25T03:08:33","slug":"diana-martin-gallery","status":"publish","type":"page","link":"https:\/\/dianamartin.net\/es\/","title":{"rendered":"Inicio"},"content":{"rendered":"\n<figure class=\"wp-block-embed is-type-video is-provider-youtube wp-block-embed-youtube wp-embed-aspect-16-9 wp-has-aspect-ratio\"><div class=\"wp-block-embed__wrapper\">\n<iframe loading=\"lazy\" title=\"Recorrido virtual Exposici\u00f3n Diana Mart\u00edn Fest Lo que persiste\" width=\"580\" height=\"326\" src=\"https:\/\/www.youtube.com\/embed\/2RHR9NRof-k?feature=oembed\" frameborder=\"0\" allow=\"accelerometer; autoplay; clipboard-write; encrypted-media; gyroscope; picture-in-picture; web-share\" referrerpolicy=\"strict-origin-when-cross-origin\" allowfullscreen><\/iframe>\n<\/div><\/figure>\n\n\n\n<figure class=\"wp-block-embed is-type-video is-provider-youtube wp-block-embed-youtube wp-embed-aspect-16-9 wp-has-aspect-ratio\"><div class=\"wp-block-embed__wrapper\">\n<iframe loading=\"lazy\" title=\"Recorrido art\u00edstico en el museo con Diana Mart\u00edn\" width=\"580\" height=\"326\" src=\"https:\/\/www.youtube.com\/embed\/upMvzkgf0Wc?feature=oembed\" frameborder=\"0\" allow=\"accelerometer; autoplay; clipboard-write; encrypted-media; gyroscope; picture-in-picture; web-share\" referrerpolicy=\"strict-origin-when-cross-origin\" allowfullscreen><\/iframe>\n<\/div><\/figure>\n\n\n\n<div class=\"wp-block-query is-layout-flow wp-block-query-is-layout-flow\"><ul class=\"wp-block-post-template is-layout-flow wp-block-post-template-is-layout-flow\"><li class=\"wp-block-post post-107244 post type-post status-publish format-standard has-post-thumbnail hentry category-blog\">\n<h2 class=\"wp-block-post-title\"><a href=\"https:\/\/dianamartin.net\/es\/la-vagabunda-con-raices-invisibles\/\" target=\"_self\" >La vagabunda con ra\u00edces invisibles<\/a><\/h2>\n\n<figure class=\"alignwide wp-block-post-featured-image\"><a href=\"https:\/\/dianamartin.net\/es\/la-vagabunda-con-raices-invisibles\/\" target=\"_self\"  ><img loading=\"lazy\" decoding=\"async\" width=\"1200\" height=\"675\" src=\"https:\/\/dianamartin.net\/es\/wp-content\/uploads\/sites\/3\/2025\/04\/zapatos-baldosas-social.jpg\" class=\"attachment-post-thumbnail size-post-thumbnail wp-post-image\" alt=\"La vagabunda con ra\u00edces invisibles\" style=\"object-fit:cover;\" srcset=\"https:\/\/dianamartin.net\/es\/wp-content\/uploads\/sites\/3\/2025\/04\/zapatos-baldosas-social.jpg 1200w, https:\/\/dianamartin.net\/es\/wp-content\/uploads\/sites\/3\/2025\/04\/zapatos-baldosas-social-300x169.jpg 300w, https:\/\/dianamartin.net\/es\/wp-content\/uploads\/sites\/3\/2025\/04\/zapatos-baldosas-social-1024x576.jpg 1024w, https:\/\/dianamartin.net\/es\/wp-content\/uploads\/sites\/3\/2025\/04\/zapatos-baldosas-social-768x432.jpg 768w\" sizes=\"auto, (max-width: 1200px) 100vw, 1200px\" \/><\/a><\/figure>\n\n<div class=\"wp-block-post-excerpt\"><p class=\"wp-block-post-excerpt__excerpt\">En \u201cRa\u00edces Creativas\u201d, la muestra colectiva del MUSA, vuelvo a Guadalajara con diez piezas que me atravesaron. Este es el relato \u00edntimo de c\u00f3mo eleg\u00ed cada una desde la distancia y el recuerdo.<\/p><p class=\"wp-block-post-excerpt__more-text\"><a class=\"wp-block-post-excerpt__more-link\" href=\"https:\/\/dianamartin.net\/es\/la-vagabunda-con-raices-invisibles\/\">Leer<\/a><\/p><\/div>\n\n\n<hr class=\"wp-block-separator has-css-opacity\"\/>\n\n\n<div class=\"wp-block-post-date\"><time datetime=\"2025-04-16T18:59:26-06:00\">16 abril, 2025<\/time><\/div>\n<\/li><\/ul><\/div>\n\n\n\n<div style=\"height:61px\" aria-hidden=\"true\" class=\"wp-block-spacer\"><\/div>\n\n\n\n<figure class=\"wp-block-embed is-type-video is-provider-youtube wp-block-embed-youtube wp-embed-aspect-16-9 wp-has-aspect-ratio\"><div class=\"wp-block-embed__wrapper\">\n<iframe loading=\"lazy\" title=\"Una cita con los dibujos de Diana Mart\u00edn en Bogot\u00e1 2024\" width=\"580\" height=\"326\" src=\"https:\/\/www.youtube.com\/embed\/WLAQPAZ1dTk?feature=oembed\" frameborder=\"0\" allow=\"accelerometer; autoplay; clipboard-write; encrypted-media; gyroscope; picture-in-picture; web-share\" referrerpolicy=\"strict-origin-when-cross-origin\" allowfullscreen><\/iframe>\n<\/div><\/figure>\n\n\n\n<figure class=\"wp-block-embed is-type-video is-provider-youtube wp-block-embed-youtube wp-embed-aspect-16-9 wp-has-aspect-ratio\"><div class=\"wp-block-embed__wrapper\">\n<iframe loading=\"lazy\" title=\"Trayectoria Diana Mart\u00edn dibujante\" width=\"580\" height=\"326\" src=\"https:\/\/www.youtube.com\/embed\/AiEwV8TE0QI?feature=oembed\" frameborder=\"0\" allow=\"accelerometer; autoplay; clipboard-write; encrypted-media; gyroscope; picture-in-picture; web-share\" referrerpolicy=\"strict-origin-when-cross-origin\" allowfullscreen><\/iframe>\n<\/div><\/figure>\n\n\n\n<figure class=\"wp-block-embed is-type-video is-provider-youtube wp-block-embed-youtube wp-embed-aspect-16-9 wp-has-aspect-ratio\"><div class=\"wp-block-embed__wrapper\">\n<iframe loading=\"lazy\" title=\"Recorrido en HD por Los Viajes de Serafina\" width=\"580\" height=\"326\" src=\"https:\/\/www.youtube.com\/embed\/3Q7tA29y9PQ?feature=oembed\" frameborder=\"0\" allow=\"accelerometer; autoplay; clipboard-write; encrypted-media; gyroscope; picture-in-picture; web-share\" referrerpolicy=\"strict-origin-when-cross-origin\" allowfullscreen><\/iframe>\n<\/div><\/figure>\n\n\n\n<div class=\"wp-block-buttons is-layout-flex wp-block-buttons-is-layout-flex\"><\/div>\n\n\n\n<figure class=\"wp-block-image alignfull size-full\"><img loading=\"lazy\" decoding=\"async\" width=\"1920\" height=\"1440\" src=\"https:\/\/dianamartin.net\/es\/wp-content\/uploads\/sites\/3\/2020\/09\/Diana-Martin_Dos-Corazones.jpg\" alt=\"\" class=\"wp-image-107012\" srcset=\"https:\/\/dianamartin.net\/es\/wp-content\/uploads\/sites\/3\/2020\/09\/Diana-Martin_Dos-Corazones.jpg 1920w, https:\/\/dianamartin.net\/es\/wp-content\/uploads\/sites\/3\/2020\/09\/Diana-Martin_Dos-Corazones-300x225.jpg 300w, https:\/\/dianamartin.net\/es\/wp-content\/uploads\/sites\/3\/2020\/09\/Diana-Martin_Dos-Corazones-1024x768.jpg 1024w, https:\/\/dianamartin.net\/es\/wp-content\/uploads\/sites\/3\/2020\/09\/Diana-Martin_Dos-Corazones-768x576.jpg 768w, https:\/\/dianamartin.net\/es\/wp-content\/uploads\/sites\/3\/2020\/09\/Diana-Martin_Dos-Corazones-1536x1152.jpg 1536w, https:\/\/dianamartin.net\/es\/wp-content\/uploads\/sites\/3\/2020\/09\/Diana-Martin_Dos-Corazones-1200x900.jpg 1200w\" sizes=\"auto, (max-width: 1920px) 100vw, 1920px\" \/><\/figure>\n\n\n\n<p>Diana Mart\u00edn es una dibujante cuyo trabajo es profundamente narrativo y anecd\u00f3tico. Ella habita en la tierra de lo fant\u00e1stico, lo on\u00edrico y lo surreal. Su mano persigue conectar con el reino del subconsciente a trav\u00e9s de historias enraizadas en lo simb\u00f3lico. Se especializa en t\u00e9cnicas como la tinta y el grafito. <a data-type=\"page\" data-id=\"237\" href=\"https:\/\/dianamartin.net\/es\/sobre-mi\/\">Leer m\u00e1s&#8230;<\/a><\/p>\n","protected":false},"excerpt":{"rendered":"<p>Diana Mart\u00edn es una dibujante cuyo trabajo es profundamente narrativo y anecd\u00f3tico. Ella habita en la tierra de lo fant\u00e1stico, lo on\u00edrico y lo surreal. Su mano persigue conectar con el reino del subconsciente a trav\u00e9s de historias enraizadas en lo simb\u00f3lico. Se especializa en t\u00e9cnicas como la tinta y el grafito. Leer m\u00e1s&#8230;<\/p>\n","protected":false},"author":1,"featured_media":0,"parent":0,"menu_order":0,"comment_status":"closed","ping_status":"closed","template":"","meta":{"inline_featured_image":false,"footnotes":""},"class_list":["post-3205","page","type-page","status-publish","hentry"],"yoast_head":"<!-- This site is optimized with the Yoast SEO plugin v27.3 - https:\/\/yoast.com\/product\/yoast-seo-wordpress\/ -->\n<title>Diana Mart\u00edn | Dibujante<\/title>\n<meta name=\"robots\" content=\"index, follow, max-snippet:-1, max-image-preview:large, max-video-preview:-1\" \/>\n<link rel=\"canonical\" href=\"https:\/\/dianamartin.net\/es\/\" \/>\n<meta property=\"og:locale\" content=\"es_ES\" \/>\n<meta property=\"og:type\" content=\"article\" \/>\n<meta property=\"og:title\" content=\"Diana Mart\u00edn | Dibujante\" \/>\n<meta property=\"og:description\" content=\"Diana Mart\u00edn es una dibujante cuyo trabajo es profundamente narrativo y anecd\u00f3tico. Ella habita en la tierra de lo fant\u00e1stico, lo on\u00edrico y lo surreal. Su mano persigue conectar con el reino del subconsciente a trav\u00e9s de historias enraizadas en lo simb\u00f3lico. Se especializa en t\u00e9cnicas como la tinta y el grafito. Leer m\u00e1s&#8230;\" \/>\n<meta property=\"og:url\" content=\"https:\/\/dianamartin.net\/es\/\" \/>\n<meta property=\"og:site_name\" content=\"Diana Mart\u00edn\" \/>\n<meta property=\"article:modified_time\" content=\"2025-11-25T03:08:33+00:00\" \/>\n<meta property=\"og:image\" content=\"https:\/\/dianamartin.net\/es\/wp-content\/uploads\/sites\/3\/2020\/09\/Diana-Martin_Dos-Corazones.jpg\" \/>\n<meta name=\"twitter:card\" content=\"summary_large_image\" \/>\n<meta name=\"twitter:label1\" content=\"Tiempo de lectura\" \/>\n\t<meta name=\"twitter:data1\" content=\"1 minuto\" \/>\n<script type=\"application\/ld+json\" class=\"yoast-schema-graph\">{\"@context\":\"https:\\\/\\\/schema.org\",\"@graph\":[{\"@type\":\"WebPage\",\"@id\":\"https:\\\/\\\/dianamartin.net\\\/es\\\/\",\"url\":\"https:\\\/\\\/dianamartin.net\\\/es\\\/\",\"name\":\"Diana Mart\u00edn | Dibujante\",\"isPartOf\":{\"@id\":\"https:\\\/\\\/dianamartin.net\\\/es\\\/#website\"},\"primaryImageOfPage\":{\"@id\":\"https:\\\/\\\/dianamartin.net\\\/es\\\/#primaryimage\"},\"image\":{\"@id\":\"https:\\\/\\\/dianamartin.net\\\/es\\\/#primaryimage\"},\"thumbnailUrl\":\"https:\\\/\\\/dianamartin.net\\\/es\\\/wp-content\\\/uploads\\\/sites\\\/3\\\/2020\\\/09\\\/Diana-Martin_Dos-Corazones.jpg\",\"datePublished\":\"2013-07-18T00:27:30+00:00\",\"dateModified\":\"2025-11-25T03:08:33+00:00\",\"breadcrumb\":{\"@id\":\"https:\\\/\\\/dianamartin.net\\\/es\\\/#breadcrumb\"},\"inLanguage\":\"es\",\"potentialAction\":[{\"@type\":\"ReadAction\",\"target\":[\"https:\\\/\\\/dianamartin.net\\\/es\\\/\"]}]},{\"@type\":\"ImageObject\",\"inLanguage\":\"es\",\"@id\":\"https:\\\/\\\/dianamartin.net\\\/es\\\/#primaryimage\",\"url\":\"https:\\\/\\\/dianamartin.net\\\/es\\\/wp-content\\\/uploads\\\/sites\\\/3\\\/2020\\\/09\\\/Diana-Martin_Dos-Corazones.jpg\",\"contentUrl\":\"https:\\\/\\\/dianamartin.net\\\/es\\\/wp-content\\\/uploads\\\/sites\\\/3\\\/2020\\\/09\\\/Diana-Martin_Dos-Corazones.jpg\",\"width\":1920,\"height\":1440},{\"@type\":\"BreadcrumbList\",\"@id\":\"https:\\\/\\\/dianamartin.net\\\/es\\\/#breadcrumb\",\"itemListElement\":[{\"@type\":\"ListItem\",\"position\":1,\"name\":\"Home\",\"item\":\"https:\\\/\\\/dianamartin.net\\\/es\\\/\"},{\"@type\":\"ListItem\",\"position\":2,\"name\":\"Inicio\"}]},{\"@type\":\"WebSite\",\"@id\":\"https:\\\/\\\/dianamartin.net\\\/es\\\/#website\",\"url\":\"https:\\\/\\\/dianamartin.net\\\/es\\\/\",\"name\":\"Diana Mart\u00edn\",\"description\":\"\",\"publisher\":{\"@id\":\"https:\\\/\\\/dianamartin.net\\\/es\\\/#organization\"},\"potentialAction\":[{\"@type\":\"SearchAction\",\"target\":{\"@type\":\"EntryPoint\",\"urlTemplate\":\"https:\\\/\\\/dianamartin.net\\\/es\\\/?s={search_term_string}\"},\"query-input\":{\"@type\":\"PropertyValueSpecification\",\"valueRequired\":true,\"valueName\":\"search_term_string\"}}],\"inLanguage\":\"es\"},{\"@type\":\"Organization\",\"@id\":\"https:\\\/\\\/dianamartin.net\\\/es\\\/#organization\",\"name\":\"Diana Mart\u00edn\",\"url\":\"https:\\\/\\\/dianamartin.net\\\/es\\\/\",\"logo\":{\"@type\":\"ImageObject\",\"inLanguage\":\"es\",\"@id\":\"https:\\\/\\\/dianamartin.net\\\/es\\\/#\\\/schema\\\/logo\\\/image\\\/\",\"url\":\"https:\\\/\\\/dianamartin.net\\\/es\\\/wp-content\\\/uploads\\\/sites\\\/3\\\/2020\\\/11\\\/Logo-Diana-Martin.svg\",\"contentUrl\":\"https:\\\/\\\/dianamartin.net\\\/es\\\/wp-content\\\/uploads\\\/sites\\\/3\\\/2020\\\/11\\\/Logo-Diana-Martin.svg\",\"caption\":\"Diana Mart\u00edn\"},\"image\":{\"@id\":\"https:\\\/\\\/dianamartin.net\\\/es\\\/#\\\/schema\\\/logo\\\/image\\\/\"}}]}<\/script>\n<!-- \/ Yoast SEO plugin. -->","yoast_head_json":{"title":"Diana Mart\u00edn | Dibujante","robots":{"index":"index","follow":"follow","max-snippet":"max-snippet:-1","max-image-preview":"max-image-preview:large","max-video-preview":"max-video-preview:-1"},"canonical":"https:\/\/dianamartin.net\/es\/","og_locale":"es_ES","og_type":"article","og_title":"Diana Mart\u00edn | Dibujante","og_description":"Diana Mart\u00edn es una dibujante cuyo trabajo es profundamente narrativo y anecd\u00f3tico. Ella habita en la tierra de lo fant\u00e1stico, lo on\u00edrico y lo surreal. Su mano persigue conectar con el reino del subconsciente a trav\u00e9s de historias enraizadas en lo simb\u00f3lico. Se especializa en t\u00e9cnicas como la tinta y el grafito. Leer m\u00e1s&#8230;","og_url":"https:\/\/dianamartin.net\/es\/","og_site_name":"Diana Mart\u00edn","article_modified_time":"2025-11-25T03:08:33+00:00","og_image":[{"url":"https:\/\/dianamartin.net\/es\/wp-content\/uploads\/sites\/3\/2020\/09\/Diana-Martin_Dos-Corazones.jpg","type":"","width":"","height":""}],"twitter_card":"summary_large_image","twitter_misc":{"Tiempo de lectura":"1 minuto"},"schema":{"@context":"https:\/\/schema.org","@graph":[{"@type":"WebPage","@id":"https:\/\/dianamartin.net\/es\/","url":"https:\/\/dianamartin.net\/es\/","name":"Diana Mart\u00edn | Dibujante","isPartOf":{"@id":"https:\/\/dianamartin.net\/es\/#website"},"primaryImageOfPage":{"@id":"https:\/\/dianamartin.net\/es\/#primaryimage"},"image":{"@id":"https:\/\/dianamartin.net\/es\/#primaryimage"},"thumbnailUrl":"https:\/\/dianamartin.net\/es\/wp-content\/uploads\/sites\/3\/2020\/09\/Diana-Martin_Dos-Corazones.jpg","datePublished":"2013-07-18T00:27:30+00:00","dateModified":"2025-11-25T03:08:33+00:00","breadcrumb":{"@id":"https:\/\/dianamartin.net\/es\/#breadcrumb"},"inLanguage":"es","potentialAction":[{"@type":"ReadAction","target":["https:\/\/dianamartin.net\/es\/"]}]},{"@type":"ImageObject","inLanguage":"es","@id":"https:\/\/dianamartin.net\/es\/#primaryimage","url":"https:\/\/dianamartin.net\/es\/wp-content\/uploads\/sites\/3\/2020\/09\/Diana-Martin_Dos-Corazones.jpg","contentUrl":"https:\/\/dianamartin.net\/es\/wp-content\/uploads\/sites\/3\/2020\/09\/Diana-Martin_Dos-Corazones.jpg","width":1920,"height":1440},{"@type":"BreadcrumbList","@id":"https:\/\/dianamartin.net\/es\/#breadcrumb","itemListElement":[{"@type":"ListItem","position":1,"name":"Home","item":"https:\/\/dianamartin.net\/es\/"},{"@type":"ListItem","position":2,"name":"Inicio"}]},{"@type":"WebSite","@id":"https:\/\/dianamartin.net\/es\/#website","url":"https:\/\/dianamartin.net\/es\/","name":"Diana Mart\u00edn","description":"","publisher":{"@id":"https:\/\/dianamartin.net\/es\/#organization"},"potentialAction":[{"@type":"SearchAction","target":{"@type":"EntryPoint","urlTemplate":"https:\/\/dianamartin.net\/es\/?s={search_term_string}"},"query-input":{"@type":"PropertyValueSpecification","valueRequired":true,"valueName":"search_term_string"}}],"inLanguage":"es"},{"@type":"Organization","@id":"https:\/\/dianamartin.net\/es\/#organization","name":"Diana Mart\u00edn","url":"https:\/\/dianamartin.net\/es\/","logo":{"@type":"ImageObject","inLanguage":"es","@id":"https:\/\/dianamartin.net\/es\/#\/schema\/logo\/image\/","url":"https:\/\/dianamartin.net\/es\/wp-content\/uploads\/sites\/3\/2020\/11\/Logo-Diana-Martin.svg","contentUrl":"https:\/\/dianamartin.net\/es\/wp-content\/uploads\/sites\/3\/2020\/11\/Logo-Diana-Martin.svg","caption":"Diana Mart\u00edn"},"image":{"@id":"https:\/\/dianamartin.net\/es\/#\/schema\/logo\/image\/"}}]}},"_links":{"self":[{"href":"https:\/\/dianamartin.net\/es\/wp-json\/wp\/v2\/pages\/3205","targetHints":{"allow":["GET"]}}],"collection":[{"href":"https:\/\/dianamartin.net\/es\/wp-json\/wp\/v2\/pages"}],"about":[{"href":"https:\/\/dianamartin.net\/es\/wp-json\/wp\/v2\/types\/page"}],"author":[{"embeddable":true,"href":"https:\/\/dianamartin.net\/es\/wp-json\/wp\/v2\/users\/1"}],"replies":[{"embeddable":true,"href":"https:\/\/dianamartin.net\/es\/wp-json\/wp\/v2\/comments?post=3205"}],"version-history":[{"count":163,"href":"https:\/\/dianamartin.net\/es\/wp-json\/wp\/v2\/pages\/3205\/revisions"}],"predecessor-version":[{"id":107267,"href":"https:\/\/dianamartin.net\/es\/wp-json\/wp\/v2\/pages\/3205\/revisions\/107267"}],"wp:attachment":[{"href":"https:\/\/dianamartin.net\/es\/wp-json\/wp\/v2\/media?parent=3205"}],"curies":[{"name":"wp","href":"https:\/\/api.w.org\/{rel}","templated":true}]}}